{"id":2667,"date":"2023-05-03T12:13:05","date_gmt":"2023-05-03T10:13:05","guid":{"rendered":"https:\/\/hotelglamour.sk\/?page_id=2667"},"modified":"2026-01-16T16:48:44","modified_gmt":"2026-01-16T15:48:44","slug":"booking","status":"publish","type":"page","link":"https:\/\/hotelglamour.sk\/en\/booking\/","title":{"rendered":"Booking"},"content":{"rendered":"\t\t<div data-elementor-type=\"wp-page\" data-elementor-id=\"2667\" class=\"elementor elementor-2667 elementor-2649\">\n\t\t\t\t\t\t\t\t\t<section class=\"elementor-section elementor-top-section elementor-element elementor-element-f1de96f elementor-section-boxed elementor-section-height-default elementor-section-height-default\" data-id=\"f1de96f\" data-element_type=\"section\" data-settings=\"{&quot;background_background&quot;:&quot;classic&quot;}\">\n\t\t\t\t\t\t<div class=\"elementor-container elementor-column-gap-default\">\n\t\t\t\t\t<div class=\"elementor-column elementor-col-100 elementor-top-column elementor-element elementor-element-7788784\" data-id=\"7788784\" data-element_type=\"column\">\n\t\t\t<div class=\"elementor-widget-wrap elementor-element-populated\">\n\t\t\t\t\t\t\t\t<div class=\"elementor-element elementor-element-771338f elementor-widget elementor-widget-html\" data-id=\"771338f\" data-element_type=\"widget\" data-widget_type=\"html.default\">\n\t\t\t\t<div class=\"elementor-widget-container\">\n\t\t\t<script src=\"https:\/\/www.bookoloengine.com\/v3\/bookolo.min.js\"><\/script>\t\t<\/div>\n\t\t\t\t<\/div>\n\t\t\t\t<div class=\"elementor-element elementor-element-2c0e51f elementor-widget elementor-widget-html\" data-id=\"2c0e51f\" data-element_type=\"widget\" data-widget_type=\"html.default\">\n\t\t\t\t<div class=\"elementor-widget-container\">\n\t\t\t<div id=\"bookolo-engine\" data-hotel-id=\"961\" data-language=\"en\" data-currency=\"EUR\" ><\/div>\t\t<\/div>\n\t\t\t\t<\/div>\n\t\t\t\t\t<\/div>\n\t\t<\/div>\n\t\t\t\t\t\t\t<\/div>\n\t\t<\/section>\n\t\t\t\t\t\t\t<\/div>\n\t\t","protected":false},"excerpt":{"rendered":"","protected":false},"author":1,"featured_media":0,"parent":0,"menu_order":0,"comment_status":"closed","ping_status":"closed","template":"","meta":{"footnotes":""},"class_list":["post-2667","page","type-page","status-publish","hentry"],"yoast_head":"<!-- This site is optimized with the Yoast SEO plugin v19.11 - https:\/\/yoast.com\/wordpress\/plugins\/seo\/ -->\n<title>Booking - Hotel Glamour<\/title>\n<meta name=\"robots\" content=\"index, follow, max-snippet:-1, max-image-preview:large, max-video-preview:-1\" \/>\n<link rel=\"canonical\" href=\"https:\/\/hotelglamour.sk\/en\/booking\/\" \/>\n<meta property=\"og:locale\" content=\"en_US\" \/>\n<meta property=\"og:type\" content=\"article\" \/>\n<meta property=\"og:title\" content=\"Booking - Hotel Glamour\" \/>\n<meta property=\"og:url\" content=\"https:\/\/hotelglamour.sk\/en\/booking\/\" \/>\n<meta property=\"og:site_name\" content=\"Hotel Glamour\" \/>\n<meta property=\"article:modified_time\" content=\"2026-01-16T15:48:44+00:00\" \/>\n<meta name=\"twitter:card\" content=\"summary_large_image\" \/>\n<script type=\"application\/ld+json\" class=\"yoast-schema-graph\">{\"@context\":\"https:\/\/schema.org\",\"@graph\":[{\"@type\":\"WebPage\",\"@id\":\"https:\/\/hotelglamour.sk\/en\/booking\/\",\"url\":\"https:\/\/hotelglamour.sk\/en\/booking\/\",\"name\":\"Booking - Hotel Glamour\",\"isPartOf\":{\"@id\":\"https:\/\/hotelglamour.sk\/#website\"},\"datePublished\":\"2023-05-03T10:13:05+00:00\",\"dateModified\":\"2026-01-16T15:48:44+00:00\",\"breadcrumb\":{\"@id\":\"https:\/\/hotelglamour.sk\/en\/booking\/#breadcrumb\"},\"inLanguage\":\"en-US\",\"potentialAction\":[{\"@type\":\"ReadAction\",\"target\":[\"https:\/\/hotelglamour.sk\/en\/booking\/\"]}]},{\"@type\":\"BreadcrumbList\",\"@id\":\"https:\/\/hotelglamour.sk\/en\/booking\/#breadcrumb\",\"itemListElement\":[{\"@type\":\"ListItem\",\"position\":1,\"name\":\"Domovsk\u00e1 str\u00e1nka\",\"item\":\"https:\/\/hotelglamour.sk\/en\/\"},{\"@type\":\"ListItem\",\"position\":2,\"name\":\"Booking\"}]},{\"@type\":\"WebSite\",\"@id\":\"https:\/\/hotelglamour.sk\/#website\",\"url\":\"https:\/\/hotelglamour.sk\/\",\"name\":\"Hotel Glamour\",\"description\":\"Zempl\u00ednska \u0160\u00edrava\",\"publisher\":{\"@id\":\"https:\/\/hotelglamour.sk\/#organization\"},\"potentialAction\":[{\"@type\":\"SearchAction\",\"target\":{\"@type\":\"EntryPoint\",\"urlTemplate\":\"https:\/\/hotelglamour.sk\/?s={search_term_string}\"},\"query-input\":\"required name=search_term_string\"}],\"inLanguage\":\"en-US\"},{\"@type\":\"Organization\",\"@id\":\"https:\/\/hotelglamour.sk\/#organization\",\"name\":\"Hotel Glamour\",\"url\":\"https:\/\/hotelglamour.sk\/\",\"logo\":{\"@type\":\"ImageObject\",\"inLanguage\":\"en-US\",\"@id\":\"https:\/\/hotelglamour.sk\/#\/schema\/logo\/image\/\",\"url\":\"https:\/\/hotelglamour.sk\/wp-content\/uploads\/2022\/05\/logo-hotel-1.svg\",\"contentUrl\":\"https:\/\/hotelglamour.sk\/wp-content\/uploads\/2022\/05\/logo-hotel-1.svg\",\"width\":289,\"height\":72,\"caption\":\"Hotel Glamour\"},\"image\":{\"@id\":\"https:\/\/hotelglamour.sk\/#\/schema\/logo\/image\/\"}}]}<\/script>\n<!-- \/ Yoast SEO plugin. -->","yoast_head_json":{"title":"Booking - Hotel Glamour","robots":{"index":"index","follow":"follow","max-snippet":"max-snippet:-1","max-image-preview":"max-image-preview:large","max-video-preview":"max-video-preview:-1"},"canonical":"https:\/\/hotelglamour.sk\/en\/booking\/","og_locale":"en_US","og_type":"article","og_title":"Booking - Hotel Glamour","og_url":"https:\/\/hotelglamour.sk\/en\/booking\/","og_site_name":"Hotel Glamour","article_modified_time":"2026-01-16T15:48:44+00:00","twitter_card":"summary_large_image","schema":{"@context":"https:\/\/schema.org","@graph":[{"@type":"WebPage","@id":"https:\/\/hotelglamour.sk\/en\/booking\/","url":"https:\/\/hotelglamour.sk\/en\/booking\/","name":"Booking - Hotel Glamour","isPartOf":{"@id":"https:\/\/hotelglamour.sk\/#website"},"datePublished":"2023-05-03T10:13:05+00:00","dateModified":"2026-01-16T15:48:44+00:00","breadcrumb":{"@id":"https:\/\/hotelglamour.sk\/en\/booking\/#breadcrumb"},"inLanguage":"en-US","potentialAction":[{"@type":"ReadAction","target":["https:\/\/hotelglamour.sk\/en\/booking\/"]}]},{"@type":"BreadcrumbList","@id":"https:\/\/hotelglamour.sk\/en\/booking\/#breadcrumb","itemListElement":[{"@type":"ListItem","position":1,"name":"Domovsk\u00e1 str\u00e1nka","item":"https:\/\/hotelglamour.sk\/en\/"},{"@type":"ListItem","position":2,"name":"Booking"}]},{"@type":"WebSite","@id":"https:\/\/hotelglamour.sk\/#website","url":"https:\/\/hotelglamour.sk\/","name":"Hotel Glamour","description":"Zempl\u00ednska \u0160\u00edrava","publisher":{"@id":"https:\/\/hotelglamour.sk\/#organization"},"potentialAction":[{"@type":"SearchAction","target":{"@type":"EntryPoint","urlTemplate":"https:\/\/hotelglamour.sk\/?s={search_term_string}"},"query-input":"required name=search_term_string"}],"inLanguage":"en-US"},{"@type":"Organization","@id":"https:\/\/hotelglamour.sk\/#organization","name":"Hotel Glamour","url":"https:\/\/hotelglamour.sk\/","logo":{"@type":"ImageObject","inLanguage":"en-US","@id":"https:\/\/hotelglamour.sk\/#\/schema\/logo\/image\/","url":"https:\/\/hotelglamour.sk\/wp-content\/uploads\/2022\/05\/logo-hotel-1.svg","contentUrl":"https:\/\/hotelglamour.sk\/wp-content\/uploads\/2022\/05\/logo-hotel-1.svg","width":289,"height":72,"caption":"Hotel Glamour"},"image":{"@id":"https:\/\/hotelglamour.sk\/#\/schema\/logo\/image\/"}}]}},"_links":{"self":[{"href":"https:\/\/hotelglamour.sk\/en\/wp-json\/wp\/v2\/pages\/2667","targetHints":{"allow":["GET"]}}],"collection":[{"href":"https:\/\/hotelglamour.sk\/en\/wp-json\/wp\/v2\/pages"}],"about":[{"href":"https:\/\/hotelglamour.sk\/en\/wp-json\/wp\/v2\/types\/page"}],"author":[{"embeddable":true,"href":"https:\/\/hotelglamour.sk\/en\/wp-json\/wp\/v2\/users\/1"}],"replies":[{"embeddable":true,"href":"https:\/\/hotelglamour.sk\/en\/wp-json\/wp\/v2\/comments?post=2667"}],"version-history":[{"count":7,"href":"https:\/\/hotelglamour.sk\/en\/wp-json\/wp\/v2\/pages\/2667\/revisions"}],"predecessor-version":[{"id":3879,"href":"https:\/\/hotelglamour.sk\/en\/wp-json\/wp\/v2\/pages\/2667\/revisions\/3879"}],"wp:attachment":[{"href":"https:\/\/hotelglamour.sk\/en\/wp-json\/wp\/v2\/media?parent=2667"}],"curies":[{"name":"wp","href":"https:\/\/api.w.org\/{rel}","templated":true}]}}