{"id":2198,"date":"2022-06-28T16:04:44","date_gmt":"2022-06-28T14:04:44","guid":{"rendered":"https:\/\/hotelglamour.sk\/cancellation-fees\/"},"modified":"2022-12-07T13:06:07","modified_gmt":"2022-12-07T12:06:07","slug":"cancellation-fees","status":"publish","type":"page","link":"https:\/\/hotelglamour.sk\/en\/cancellation-fees\/","title":{"rendered":"Cancellation fees"},"content":{"rendered":"\t\t<div data-elementor-type=\"wp-page\" data-elementor-id=\"2198\" class=\"elementor elementor-2198 elementor-1176\">\n\t\t\t\t\t\t\t\t\t<section class=\"elementor-section elementor-top-section elementor-element elementor-element-163a1656 elementor-section-boxed elementor-section-height-default elementor-section-height-default\" data-id=\"163a1656\" data-element_type=\"section\">\n\t\t\t\t\t\t<div class=\"elementor-container elementor-column-gap-default\">\n\t\t\t\t\t<div class=\"elementor-column elementor-col-100 elementor-top-column elementor-element elementor-element-3a1df522\" data-id=\"3a1df522\" data-element_type=\"column\">\n\t\t\t<div class=\"elementor-widget-wrap elementor-element-populated\">\n\t\t\t\t\t\t\t\t\t<\/div>\n\t\t<\/div>\n\t\t\t\t\t\t\t<\/div>\n\t\t<\/section>\n\t\t\t\t<section class=\"elementor-section elementor-top-section elementor-element elementor-element-665bb75b elementor-section-boxed elementor-section-height-default elementor-section-height-default\" data-id=\"665bb75b\" data-element_type=\"section\" data-settings=\"{&quot;background_background&quot;:&quot;classic&quot;}\">\n\t\t\t\t\t\t<div class=\"elementor-container elementor-column-gap-default\">\n\t\t\t\t\t<div class=\"elementor-column elementor-col-100 elementor-top-column elementor-element elementor-element-7fcb244b\" data-id=\"7fcb244b\" data-element_type=\"column\">\n\t\t\t<div class=\"elementor-widget-wrap elementor-element-populated\">\n\t\t\t\t\t\t\t\t<div class=\"elementor-element elementor-element-66c6e33 elementor-widget elementor-widget-text-editor\" data-id=\"66c6e33\" data-element_type=\"widget\" data-widget_type=\"text-editor.default\">\n\t\t\t\t<div class=\"elementor-widget-container\">\n\t\t\t<style>\/*! elementor - v3.9.0 - 06-12-2022 *\/\n.elementor-widget-text-editor.elementor-drop-cap-view-stacked .elementor-drop-cap{background-color:#818a91;color:#fff}.elementor-widget-text-editor.elementor-drop-cap-view-framed .elementor-drop-cap{color:#818a91;border:3px solid;background-color:transparent}.elementor-widget-text-editor:not(.elementor-drop-cap-view-default) .elementor-drop-cap{margin-top:8px}.elementor-widget-text-editor:not(.elementor-drop-cap-view-default) .elementor-drop-cap-letter{width:1em;height:1em}.elementor-widget-text-editor .elementor-drop-cap{float:left;text-align:center;line-height:1;font-size:50px}.elementor-widget-text-editor .elementor-drop-cap-letter{display:inline-block}<\/style>\t\t\t\t<p>The hotel is entitled to charge the following cancellation fees if the client cancels his stay reservation in writing, electronically, by phone or fax within the following periods:<\/p>\n\t\t\t\t\t\t<\/div>\n\t\t\t\t<\/div>\n\t\t\t\t<div class=\"elementor-element elementor-element-3ae936b elementor-icon-list--layout-traditional elementor-list-item-link-full_width elementor-widget elementor-widget-icon-list\" data-id=\"3ae936b\" data-element_type=\"widget\" data-widget_type=\"icon-list.default\">\n\t\t\t\t<div class=\"elementor-widget-container\">\n\t\t\t<link rel=\"stylesheet\" href=\"https:\/\/hotelglamour.sk\/wp-content\/plugins\/elementor\/assets\/css\/widget-icon-list.min.css\">\t\t<ul class=\"elementor-icon-list-items\">\n\t\t\t\t\t\t\t<li class=\"elementor-icon-list-item\">\n\t\t\t\t\t\t\t\t\t\t\t<span class=\"elementor-icon-list-icon\">\n\t\t\t\t\t\t\t<i aria-hidden=\"true\" class=\"fas fa-circle\"><\/i>\t\t\t\t\t\t<\/span>\n\t\t\t\t\t\t\t\t\t\t<span class=\"elementor-icon-list-text\">more than 28 days before starting the stay free of charge,<\/span>\n\t\t\t\t\t\t\t\t\t<\/li>\n\t\t\t\t\t\t\t\t<li class=\"elementor-icon-list-item\">\n\t\t\t\t\t\t\t\t\t\t\t<span class=\"elementor-icon-list-icon\">\n\t\t\t\t\t\t\t<i aria-hidden=\"true\" class=\"fas fa-circle\"><\/i>\t\t\t\t\t\t<\/span>\n\t\t\t\t\t\t\t\t\t\t<span class=\"elementor-icon-list-text\">28 to 15 days before arrival 30% of the accommodation price<\/span>\n\t\t\t\t\t\t\t\t\t<\/li>\n\t\t\t\t\t\t\t\t<li class=\"elementor-icon-list-item\">\n\t\t\t\t\t\t\t\t\t\t\t<span class=\"elementor-icon-list-icon\">\n\t\t\t\t\t\t\t<i aria-hidden=\"true\" class=\"fas fa-circle\"><\/i>\t\t\t\t\t\t<\/span>\n\t\t\t\t\t\t\t\t\t\t<span class=\"elementor-icon-list-text\">14 to 5 days before arrival 50% of the accommodation price,<\/span>\n\t\t\t\t\t\t\t\t\t<\/li>\n\t\t\t\t\t\t\t\t<li class=\"elementor-icon-list-item\">\n\t\t\t\t\t\t\t\t\t\t\t<span class=\"elementor-icon-list-icon\">\n\t\t\t\t\t\t\t<i aria-hidden=\"true\" class=\"fas fa-circle\"><\/i>\t\t\t\t\t\t<\/span>\n\t\t\t\t\t\t\t\t\t\t<span class=\"elementor-icon-list-text\">less than 5 days before the start of the stay 100% of the accommodation price.<\/span>\n\t\t\t\t\t\t\t\t\t<\/li>\n\t\t\t\t\t\t<\/ul>\n\t\t\t\t<\/div>\n\t\t\t\t<\/div>\n\t\t\t\t<div class=\"elementor-element elementor-element-5f1b452b elementor-widget elementor-widget-text-editor\" data-id=\"5f1b452b\" data-element_type=\"widget\" data-widget_type=\"text-editor.default\">\n\t\t\t\t<div class=\"elementor-widget-container\">\n\t\t\t\t\t\t\t<p>The client agrees that in case of cancellation less than 48 hours before arrival, the hotel reserves the right to charge 100% of the accommodation fee.<\/p>\n\t\t\t\t\t\t<\/div>\n\t\t\t\t<\/div>\n\t\t\t\t<div class=\"elementor-element elementor-element-f021aca elementor-icon-list--layout-traditional elementor-list-item-link-full_width elementor-widget elementor-widget-icon-list\" data-id=\"f021aca\" data-element_type=\"widget\" data-widget_type=\"icon-list.default\">\n\t\t\t\t<div class=\"elementor-widget-container\">\n\t\t\t\t\t<ul class=\"elementor-icon-list-items\">\n\t\t\t\t\t\t\t<li class=\"elementor-icon-list-item\">\n\t\t\t\t\t\t\t\t\t\t\t<span class=\"elementor-icon-list-icon\">\n\t\t\t\t\t\t\t<i aria-hidden=\"true\" class=\"fas fa-circle\"><\/i>\t\t\t\t\t\t<\/span>\n\t\t\t\t\t\t\t\t\t\t<span class=\"elementor-icon-list-text\">check-in: from 14:00<\/span>\n\t\t\t\t\t\t\t\t\t<\/li>\n\t\t\t\t\t\t\t\t<li class=\"elementor-icon-list-item\">\n\t\t\t\t\t\t\t\t\t\t\t<span class=\"elementor-icon-list-icon\">\n\t\t\t\t\t\t\t<i aria-hidden=\"true\" class=\"fas fa-circle\"><\/i>\t\t\t\t\t\t<\/span>\n\t\t\t\t\t\t\t\t\t\t<span class=\"elementor-icon-list-text\">check-out: until 10:30<\/span>\n\t\t\t\t\t\t\t\t\t<\/li>\n\t\t\t\t\t\t<\/ul>\n\t\t\t\t<\/div>\n\t\t\t\t<\/div>\n\t\t\t\t\t<\/div>\n\t\t<\/div>\n\t\t\t\t\t\t\t<\/div>\n\t\t<\/section>\n\t\t\t\t\t\t\t<\/div>\n\t\t","protected":false},"excerpt":{"rendered":"<p>The hotel is entitled to charge the following cancellation fees if the client cancels his stay reservation in writing, electronically, by phone or fax within the following periods: more than 28 days before starting the stay free of charge, 28 to 15 days before arrival 30% of the accommodation price 14 to 5 days before [&hellip;]<\/p>\n","protected":false},"author":1,"featured_media":0,"parent":0,"menu_order":0,"comment_status":"closed","ping_status":"closed","template":"","meta":{"footnotes":""},"class_list":["post-2198","page","type-page","status-publish","hentry"],"yoast_head":"<!-- This site is optimized with the Yoast SEO plugin v19.11 - https:\/\/yoast.com\/wordpress\/plugins\/seo\/ -->\n<title>Cancellation fees - Hotel Glamour<\/title>\n<meta name=\"description\" content=\"The hotel is entitled to charge the following cancellation fees in the event that the client cancels his stay reservation in writing, electronically, by phone...\" \/>\n<meta name=\"robots\" content=\"index, follow, max-snippet:-1, max-image-preview:large, max-video-preview:-1\" \/>\n<link rel=\"canonical\" href=\"https:\/\/hotelglamour.sk\/en\/cancellation-fees\/\" \/>\n<meta property=\"og:locale\" content=\"en_US\" \/>\n<meta property=\"og:type\" content=\"article\" \/>\n<meta property=\"og:title\" content=\"Cancellation fees - Hotel Glamour\" \/>\n<meta property=\"og:description\" content=\"The hotel is entitled to charge the following cancellation fees in the event that the client cancels his stay reservation in writing, electronically, by phone...\" \/>\n<meta property=\"og:url\" content=\"https:\/\/hotelglamour.sk\/en\/cancellation-fees\/\" \/>\n<meta property=\"og:site_name\" content=\"Hotel Glamour\" \/>\n<meta property=\"article:modified_time\" content=\"2022-12-07T12:06:07+00:00\" \/>\n<meta name=\"twitter:card\" content=\"summary_large_image\" \/>\n<script type=\"application\/ld+json\" class=\"yoast-schema-graph\">{\"@context\":\"https:\/\/schema.org\",\"@graph\":[{\"@type\":\"WebPage\",\"@id\":\"https:\/\/hotelglamour.sk\/en\/cancellation-fees\/\",\"url\":\"https:\/\/hotelglamour.sk\/en\/cancellation-fees\/\",\"name\":\"Cancellation fees - Hotel Glamour\",\"isPartOf\":{\"@id\":\"https:\/\/hotelglamour.sk\/#website\"},\"datePublished\":\"2022-06-28T14:04:44+00:00\",\"dateModified\":\"2022-12-07T12:06:07+00:00\",\"description\":\"The hotel is entitled to charge the following cancellation fees in the event that the client cancels his stay reservation in writing, electronically, by phone...\",\"breadcrumb\":{\"@id\":\"https:\/\/hotelglamour.sk\/en\/cancellation-fees\/#breadcrumb\"},\"inLanguage\":\"en-US\",\"potentialAction\":[{\"@type\":\"ReadAction\",\"target\":[\"https:\/\/hotelglamour.sk\/en\/cancellation-fees\/\"]}]},{\"@type\":\"BreadcrumbList\",\"@id\":\"https:\/\/hotelglamour.sk\/en\/cancellation-fees\/#breadcrumb\",\"itemListElement\":[{\"@type\":\"ListItem\",\"position\":1,\"name\":\"Domovsk\u00e1 str\u00e1nka\",\"item\":\"https:\/\/hotelglamour.sk\/en\/\"},{\"@type\":\"ListItem\",\"position\":2,\"name\":\"Cancellation fees\"}]},{\"@type\":\"WebSite\",\"@id\":\"https:\/\/hotelglamour.sk\/#website\",\"url\":\"https:\/\/hotelglamour.sk\/\",\"name\":\"Hotel Glamour\",\"description\":\"Zempl\u00ednska \u0160\u00edrava\",\"publisher\":{\"@id\":\"https:\/\/hotelglamour.sk\/#organization\"},\"potentialAction\":[{\"@type\":\"SearchAction\",\"target\":{\"@type\":\"EntryPoint\",\"urlTemplate\":\"https:\/\/hotelglamour.sk\/?s={search_term_string}\"},\"query-input\":\"required name=search_term_string\"}],\"inLanguage\":\"en-US\"},{\"@type\":\"Organization\",\"@id\":\"https:\/\/hotelglamour.sk\/#organization\",\"name\":\"Hotel Glamour\",\"url\":\"https:\/\/hotelglamour.sk\/\",\"logo\":{\"@type\":\"ImageObject\",\"inLanguage\":\"en-US\",\"@id\":\"https:\/\/hotelglamour.sk\/#\/schema\/logo\/image\/\",\"url\":\"https:\/\/hotelglamour.sk\/wp-content\/uploads\/2022\/05\/logo-hotel-1.svg\",\"contentUrl\":\"https:\/\/hotelglamour.sk\/wp-content\/uploads\/2022\/05\/logo-hotel-1.svg\",\"width\":289,\"height\":72,\"caption\":\"Hotel Glamour\"},\"image\":{\"@id\":\"https:\/\/hotelglamour.sk\/#\/schema\/logo\/image\/\"}}]}<\/script>\n<!-- \/ Yoast SEO plugin. -->","yoast_head_json":{"title":"Cancellation fees - Hotel Glamour","description":"The hotel is entitled to charge the following cancellation fees in the event that the client cancels his stay reservation in writing, electronically, by phone...","robots":{"index":"index","follow":"follow","max-snippet":"max-snippet:-1","max-image-preview":"max-image-preview:large","max-video-preview":"max-video-preview:-1"},"canonical":"https:\/\/hotelglamour.sk\/en\/cancellation-fees\/","og_locale":"en_US","og_type":"article","og_title":"Cancellation fees - Hotel Glamour","og_description":"The hotel is entitled to charge the following cancellation fees in the event that the client cancels his stay reservation in writing, electronically, by phone...","og_url":"https:\/\/hotelglamour.sk\/en\/cancellation-fees\/","og_site_name":"Hotel Glamour","article_modified_time":"2022-12-07T12:06:07+00:00","twitter_card":"summary_large_image","schema":{"@context":"https:\/\/schema.org","@graph":[{"@type":"WebPage","@id":"https:\/\/hotelglamour.sk\/en\/cancellation-fees\/","url":"https:\/\/hotelglamour.sk\/en\/cancellation-fees\/","name":"Cancellation fees - Hotel Glamour","isPartOf":{"@id":"https:\/\/hotelglamour.sk\/#website"},"datePublished":"2022-06-28T14:04:44+00:00","dateModified":"2022-12-07T12:06:07+00:00","description":"The hotel is entitled to charge the following cancellation fees in the event that the client cancels his stay reservation in writing, electronically, by phone...","breadcrumb":{"@id":"https:\/\/hotelglamour.sk\/en\/cancellation-fees\/#breadcrumb"},"inLanguage":"en-US","potentialAction":[{"@type":"ReadAction","target":["https:\/\/hotelglamour.sk\/en\/cancellation-fees\/"]}]},{"@type":"BreadcrumbList","@id":"https:\/\/hotelglamour.sk\/en\/cancellation-fees\/#breadcrumb","itemListElement":[{"@type":"ListItem","position":1,"name":"Domovsk\u00e1 str\u00e1nka","item":"https:\/\/hotelglamour.sk\/en\/"},{"@type":"ListItem","position":2,"name":"Cancellation fees"}]},{"@type":"WebSite","@id":"https:\/\/hotelglamour.sk\/#website","url":"https:\/\/hotelglamour.sk\/","name":"Hotel Glamour","description":"Zempl\u00ednska \u0160\u00edrava","publisher":{"@id":"https:\/\/hotelglamour.sk\/#organization"},"potentialAction":[{"@type":"SearchAction","target":{"@type":"EntryPoint","urlTemplate":"https:\/\/hotelglamour.sk\/?s={search_term_string}"},"query-input":"required name=search_term_string"}],"inLanguage":"en-US"},{"@type":"Organization","@id":"https:\/\/hotelglamour.sk\/#organization","name":"Hotel Glamour","url":"https:\/\/hotelglamour.sk\/","logo":{"@type":"ImageObject","inLanguage":"en-US","@id":"https:\/\/hotelglamour.sk\/#\/schema\/logo\/image\/","url":"https:\/\/hotelglamour.sk\/wp-content\/uploads\/2022\/05\/logo-hotel-1.svg","contentUrl":"https:\/\/hotelglamour.sk\/wp-content\/uploads\/2022\/05\/logo-hotel-1.svg","width":289,"height":72,"caption":"Hotel Glamour"},"image":{"@id":"https:\/\/hotelglamour.sk\/#\/schema\/logo\/image\/"}}]}},"_links":{"self":[{"href":"https:\/\/hotelglamour.sk\/en\/wp-json\/wp\/v2\/pages\/2198","targetHints":{"allow":["GET"]}}],"collection":[{"href":"https:\/\/hotelglamour.sk\/en\/wp-json\/wp\/v2\/pages"}],"about":[{"href":"https:\/\/hotelglamour.sk\/en\/wp-json\/wp\/v2\/types\/page"}],"author":[{"embeddable":true,"href":"https:\/\/hotelglamour.sk\/en\/wp-json\/wp\/v2\/users\/1"}],"replies":[{"embeddable":true,"href":"https:\/\/hotelglamour.sk\/en\/wp-json\/wp\/v2\/comments?post=2198"}],"version-history":[{"count":3,"href":"https:\/\/hotelglamour.sk\/en\/wp-json\/wp\/v2\/pages\/2198\/revisions"}],"predecessor-version":[{"id":2335,"href":"https:\/\/hotelglamour.sk\/en\/wp-json\/wp\/v2\/pages\/2198\/revisions\/2335"}],"wp:attachment":[{"href":"https:\/\/hotelglamour.sk\/en\/wp-json\/wp\/v2\/media?parent=2198"}],"curies":[{"name":"wp","href":"https:\/\/api.w.org\/{rel}","templated":true}]}}