{"id":2190,"date":"2022-05-13T11:59:35","date_gmt":"2022-05-13T09:59:35","guid":{"rendered":"https:\/\/hotelglamour.sk\/contact\/"},"modified":"2022-12-07T13:28:57","modified_gmt":"2022-12-07T12:28:57","slug":"contact","status":"publish","type":"page","link":"https:\/\/hotelglamour.sk\/en\/contact\/","title":{"rendered":"Contact"},"content":{"rendered":"\t\t<div data-elementor-type=\"wp-page\" data-elementor-id=\"2190\" class=\"elementor elementor-2190 elementor-67\">\n\t\t\t\t\t\t\t\t\t<section class=\"elementor-section elementor-top-section elementor-element elementor-element-cb47d4f elementor-section-boxed elementor-section-height-default elementor-section-height-default\" data-id=\"cb47d4f\" data-element_type=\"section\">\n\t\t\t\t\t\t<div class=\"elementor-container elementor-column-gap-default\">\n\t\t\t\t\t<div class=\"elementor-column elementor-col-100 elementor-top-column elementor-element elementor-element-26d021f\" data-id=\"26d021f\" data-element_type=\"column\">\n\t\t\t<div class=\"elementor-widget-wrap elementor-element-populated\">\n\t\t\t\t\t\t\t\t<div class=\"elementor-element elementor-element-d362495 elementor-widget elementor-widget-heading\" data-id=\"d362495\" data-element_type=\"widget\" data-widget_type=\"heading.default\">\n\t\t\t\t<div class=\"elementor-widget-container\">\n\t\t\t<style>\/*! elementor - v3.9.0 - 06-12-2022 *\/\n.elementor-heading-title{padding:0;margin:0;line-height:1}.elementor-widget-heading .elementor-heading-title[class*=elementor-size-]>a{color:inherit;font-size:inherit;line-height:inherit}.elementor-widget-heading .elementor-heading-title.elementor-size-small{font-size:15px}.elementor-widget-heading .elementor-heading-title.elementor-size-medium{font-size:19px}.elementor-widget-heading .elementor-heading-title.elementor-size-large{font-size:29px}.elementor-widget-heading .elementor-heading-title.elementor-size-xl{font-size:39px}.elementor-widget-heading .elementor-heading-title.elementor-size-xxl{font-size:59px}<\/style><h1 class=\"elementor-heading-title elementor-size-default\">Contact<\/h1>\t\t<\/div>\n\t\t\t\t<\/div>\n\t\t\t\t\t<\/div>\n\t\t<\/div>\n\t\t\t\t\t\t\t<\/div>\n\t\t<\/section>\n\t\t\t\t<section class=\"elementor-section elementor-top-section elementor-element elementor-element-838a146 elementor-section-boxed elementor-section-height-default elementor-section-height-default\" data-id=\"838a146\" data-element_type=\"section\">\n\t\t\t\t\t\t<div class=\"elementor-container elementor-column-gap-default\">\n\t\t\t\t\t<div class=\"elementor-column elementor-col-33 elementor-top-column elementor-element elementor-element-d60ba01\" data-id=\"d60ba01\" data-element_type=\"column\" data-settings=\"{&quot;background_background&quot;:&quot;classic&quot;}\">\n\t\t\t<div class=\"elementor-widget-wrap elementor-element-populated\">\n\t\t\t\t\t\t\t\t<div class=\"elementor-element elementor-element-886e8bd elementor-widget elementor-widget-heading\" data-id=\"886e8bd\" data-element_type=\"widget\" data-widget_type=\"heading.default\">\n\t\t\t\t<div class=\"elementor-widget-container\">\n\t\t\t<h3 class=\"elementor-heading-title elementor-size-default\">Hotel address<\/h3>\t\t<\/div>\n\t\t\t\t<\/div>\n\t\t\t\t<div class=\"elementor-element elementor-element-246c432 elementor-widget elementor-widget-heading\" data-id=\"246c432\" data-element_type=\"widget\" data-widget_type=\"heading.default\">\n\t\t\t\t<div class=\"elementor-widget-container\">\n\t\t\t<h6 class=\"elementor-heading-title elementor-size-default\">Hotel GLAMOUR****\n<\/h6>\t\t<\/div>\n\t\t\t\t<\/div>\n\t\t\t\t<div class=\"elementor-element elementor-element-54ffee0 elementor-widget elementor-widget-text-editor\" data-id=\"54ffee0\" data-element_type=\"widget\" data-widget_type=\"text-editor.default\">\n\t\t\t\t<div class=\"elementor-widget-container\">\n\t\t\t<style>\/*! elementor - v3.9.0 - 06-12-2022 *\/\n.elementor-widget-text-editor.elementor-drop-cap-view-stacked .elementor-drop-cap{background-color:#818a91;color:#fff}.elementor-widget-text-editor.elementor-drop-cap-view-framed .elementor-drop-cap{color:#818a91;border:3px solid;background-color:transparent}.elementor-widget-text-editor:not(.elementor-drop-cap-view-default) .elementor-drop-cap{margin-top:8px}.elementor-widget-text-editor:not(.elementor-drop-cap-view-default) .elementor-drop-cap-letter{width:1em;height:1em}.elementor-widget-text-editor .elementor-drop-cap{float:left;text-align:center;line-height:1;font-size:50px}.elementor-widget-text-editor .elementor-drop-cap-letter{display:inline-block}<\/style>\t\t\t\t<p>Kalu\u017ea 744<br \/>072 36 Kalu\u017ea<br \/>Slovak republic<\/p>\n\t\t\t\t\t\t<\/div>\n\t\t\t\t<\/div>\n\t\t\t\t<div class=\"elementor-element elementor-element-b0f5b7d elementor-widget elementor-widget-heading\" data-id=\"b0f5b7d\" data-element_type=\"widget\" data-widget_type=\"heading.default\">\n\t\t\t\t<div class=\"elementor-widget-container\">\n\t\t\t<h6 class=\"elementor-heading-title elementor-size-default\">GPS<\/h6>\t\t<\/div>\n\t\t\t\t<\/div>\n\t\t\t\t<div class=\"elementor-element elementor-element-f9312bd elementor-widget elementor-widget-text-editor\" data-id=\"f9312bd\" data-element_type=\"widget\" data-widget_type=\"text-editor.default\">\n\t\t\t\t<div class=\"elementor-widget-container\">\n\t\t\t\t\t\t\t<p>48\u00b048&#8217;27.08&#8243;N 22\u00b00&#8217;41.22&#8243;E<\/p>\n\t\t\t\t\t\t<\/div>\n\t\t\t\t<\/div>\n\t\t\t\t<div class=\"elementor-element elementor-element-0c14743 elementor-widget elementor-widget-button\" data-id=\"0c14743\" data-element_type=\"widget\" data-widget_type=\"button.default\">\n\t\t\t\t<div class=\"elementor-widget-container\">\n\t\t\t\t\t<div class=\"elementor-button-wrapper\">\n\t\t\t<a href=\"https:\/\/www.google.com\/maps?client=firefox-b-d&#038;q=hotel+glamour+google+mapa&#038;um=1&#038;ie=UTF-8&#038;sa=X&#038;ved=2ahUKEwje6dPZ5cj4AhUsX_EDHe9vCtUQ_AUoAXoECAIQAw\" target=\"_blank\" class=\"elementor-button-link elementor-button elementor-size-sm\" role=\"button\">\n\t\t\t\t\t\t<span class=\"elementor-button-content-wrapper\">\n\t\t\t\t\t\t<span class=\"elementor-button-text\">Show route<\/span>\n\t\t<\/span>\n\t\t\t\t\t<\/a>\n\t\t<\/div>\n\t\t\t\t<\/div>\n\t\t\t\t<\/div>\n\t\t\t\t\t<\/div>\n\t\t<\/div>\n\t\t\t\t<div class=\"elementor-column elementor-col-33 elementor-top-column elementor-element elementor-element-8935aed\" data-id=\"8935aed\" data-element_type=\"column\" data-settings=\"{&quot;background_background&quot;:&quot;classic&quot;}\">\n\t\t\t<div class=\"elementor-widget-wrap elementor-element-populated\">\n\t\t\t\t\t\t\t\t<div class=\"elementor-element elementor-element-9dcdd2d elementor-widget elementor-widget-heading\" data-id=\"9dcdd2d\" data-element_type=\"widget\" data-widget_type=\"heading.default\">\n\t\t\t\t<div class=\"elementor-widget-container\">\n\t\t\t<h3 class=\"elementor-heading-title elementor-size-default\">Reception<\/h3>\t\t<\/div>\n\t\t\t\t<\/div>\n\t\t\t\t<div class=\"elementor-element elementor-element-d8fdcfa elementor-widget elementor-widget-heading\" data-id=\"d8fdcfa\" data-element_type=\"widget\" data-widget_type=\"heading.default\">\n\t\t\t\t<div class=\"elementor-widget-container\">\n\t\t\t<h6 class=\"elementor-heading-title elementor-size-default\">Phone<\/h6>\t\t<\/div>\n\t\t\t\t<\/div>\n\t\t\t\t<div class=\"elementor-element elementor-element-cd0b547 elementor-widget elementor-widget-text-editor\" data-id=\"cd0b547\" data-element_type=\"widget\" data-widget_type=\"text-editor.default\">\n\t\t\t\t<div class=\"elementor-widget-container\">\n\t\t\t\t\t\t\t<p>+421\/56 688 05 55<\/p>\n\t\t\t\t\t\t<\/div>\n\t\t\t\t<\/div>\n\t\t\t\t<div class=\"elementor-element elementor-element-80a91d3 elementor-widget elementor-widget-heading\" data-id=\"80a91d3\" data-element_type=\"widget\" data-widget_type=\"heading.default\">\n\t\t\t\t<div class=\"elementor-widget-container\">\n\t\t\t<h6 class=\"elementor-heading-title elementor-size-default\">Mobile<\/h6>\t\t<\/div>\n\t\t\t\t<\/div>\n\t\t\t\t<div class=\"elementor-element elementor-element-260e23d elementor-widget elementor-widget-text-editor\" data-id=\"260e23d\" data-element_type=\"widget\" data-widget_type=\"text-editor.default\">\n\t\t\t\t<div class=\"elementor-widget-container\">\n\t\t\t\t\t\t\t<p><span lang=\"SK\">+421 908 975 269<\/span><\/p>\n\t\t\t\t\t\t<\/div>\n\t\t\t\t<\/div>\n\t\t\t\t<div class=\"elementor-element elementor-element-90c6bc1 elementor-widget elementor-widget-heading\" data-id=\"90c6bc1\" data-element_type=\"widget\" data-widget_type=\"heading.default\">\n\t\t\t\t<div class=\"elementor-widget-container\">\n\t\t\t<h6 class=\"elementor-heading-title elementor-size-default\">FAX<\/h6>\t\t<\/div>\n\t\t\t\t<\/div>\n\t\t\t\t<div class=\"elementor-element elementor-element-53973af elementor-widget elementor-widget-text-editor\" data-id=\"53973af\" data-element_type=\"widget\" data-widget_type=\"text-editor.default\">\n\t\t\t\t<div class=\"elementor-widget-container\">\n\t\t\t\t\t\t\t<p><span lang=\"SK\">+421\/56 688 05 99<\/span><\/p>\n\t\t\t\t\t\t<\/div>\n\t\t\t\t<\/div>\n\t\t\t\t<div class=\"elementor-element elementor-element-7ab626f elementor-widget elementor-widget-heading\" data-id=\"7ab626f\" data-element_type=\"widget\" data-widget_type=\"heading.default\">\n\t\t\t\t<div class=\"elementor-widget-container\">\n\t\t\t<h6 class=\"elementor-heading-title elementor-size-default\">Email<\/h6>\t\t<\/div>\n\t\t\t\t<\/div>\n\t\t\t\t<div class=\"elementor-element elementor-element-954c47e elementor-widget elementor-widget-text-editor\" data-id=\"954c47e\" data-element_type=\"widget\" data-widget_type=\"text-editor.default\">\n\t\t\t\t<div class=\"elementor-widget-container\">\n\t\t\t\t\t\t\t<p>recepcia@hotelglamour.sk<\/p>\n\t\t\t\t\t\t<\/div>\n\t\t\t\t<\/div>\n\t\t\t\t\t<\/div>\n\t\t<\/div>\n\t\t\t\t<div class=\"elementor-column elementor-col-33 elementor-top-column elementor-element elementor-element-b8ebc88\" data-id=\"b8ebc88\" data-element_type=\"column\" data-settings=\"{&quot;background_background&quot;:&quot;classic&quot;}\">\n\t\t\t<div class=\"elementor-widget-wrap elementor-element-populated\">\n\t\t\t\t\t\t\t\t<div class=\"elementor-element elementor-element-da1911c elementor-widget elementor-widget-heading\" data-id=\"da1911c\" data-element_type=\"widget\" data-widget_type=\"heading.default\">\n\t\t\t\t<div class=\"elementor-widget-container\">\n\t\t\t<h3 class=\"elementor-heading-title elementor-size-default\">Billing information<\/h3>\t\t<\/div>\n\t\t\t\t<\/div>\n\t\t\t\t<div class=\"elementor-element elementor-element-459d4a2 elementor-widget elementor-widget-heading\" data-id=\"459d4a2\" data-element_type=\"widget\" data-widget_type=\"heading.default\">\n\t\t\t\t<div class=\"elementor-widget-container\">\n\t\t\t<h6 class=\"elementor-heading-title elementor-size-default\">Hotel Glamour s.r.o. <\/h6>\t\t<\/div>\n\t\t\t\t<\/div>\n\t\t\t\t<div class=\"elementor-element elementor-element-63e93c4 elementor-widget elementor-widget-text-editor\" data-id=\"63e93c4\" data-element_type=\"widget\" data-widget_type=\"text-editor.default\">\n\t\t\t\t<div class=\"elementor-widget-container\">\n\t\t\t\t\t\t\t<p>Sl\u00e1dkovi\u010dova 43<br \/>974 05 Bansk\u00e1 Bystrica<br \/>Slovak republic<\/p>\n\t\t\t\t\t\t<\/div>\n\t\t\t\t<\/div>\n\t\t\t\t<div class=\"elementor-element elementor-element-fd49ae3 elementor-widget elementor-widget-text-editor\" data-id=\"fd49ae3\" data-element_type=\"widget\" data-widget_type=\"text-editor.default\">\n\t\t\t\t<div class=\"elementor-widget-container\">\n\t\t\t\t\t\t\t<p><strong>ID number:<\/strong> 36684228<br \/><strong>VAT:<\/strong> SK2022260449<br \/><strong>TIN:<\/strong> 2022260449<\/p>\n\t\t\t\t\t\t<\/div>\n\t\t\t\t<\/div>\n\t\t\t\t<div class=\"elementor-element elementor-element-6e897d8 elementor-widget elementor-widget-text-editor\" data-id=\"6e897d8\" data-element_type=\"widget\" data-widget_type=\"text-editor.default\">\n\t\t\t\t<div class=\"elementor-widget-container\">\n\t\t\t\t\t\t\t<p>Registered in the Commercial Register of the District Court of Bansk\u00e1 Bystrica, section: Sro, insert number: 27229\/S<\/p>\n\t\t\t\t\t\t<\/div>\n\t\t\t\t<\/div>\n\t\t\t\t<div class=\"elementor-element elementor-element-7105aff elementor-widget elementor-widget-heading\" data-id=\"7105aff\" data-element_type=\"widget\" data-widget_type=\"heading.default\">\n\t\t\t\t<div class=\"elementor-widget-container\">\n\t\t\t<h6 class=\"elementor-heading-title elementor-size-default\">Phone<\/h6>\t\t<\/div>\n\t\t\t\t<\/div>\n\t\t\t\t<div class=\"elementor-element elementor-element-b0c820a elementor-widget elementor-widget-text-editor\" data-id=\"b0c820a\" data-element_type=\"widget\" data-widget_type=\"text-editor.default\">\n\t\t\t\t<div class=\"elementor-widget-container\">\n\t\t\t\t\t\t\t<p><span lang=\"SK\">+421\/48 471 22 00<\/span><\/p>\n\t\t\t\t\t\t<\/div>\n\t\t\t\t<\/div>\n\t\t\t\t<div class=\"elementor-element elementor-element-788715e elementor-widget elementor-widget-heading\" data-id=\"788715e\" data-element_type=\"widget\" data-widget_type=\"heading.default\">\n\t\t\t\t<div class=\"elementor-widget-container\">\n\t\t\t<h6 class=\"elementor-heading-title elementor-size-default\">FAX<\/h6>\t\t<\/div>\n\t\t\t\t<\/div>\n\t\t\t\t<div class=\"elementor-element elementor-element-c2ff8bd elementor-widget elementor-widget-text-editor\" data-id=\"c2ff8bd\" data-element_type=\"widget\" data-widget_type=\"text-editor.default\">\n\t\t\t\t<div class=\"elementor-widget-container\">\n\t\t\t\t\t\t\t<p>+421\/48 416 41 33<\/p>\n\t\t\t\t\t\t<\/div>\n\t\t\t\t<\/div>\n\t\t\t\t\t<\/div>\n\t\t<\/div>\n\t\t\t\t\t\t\t<\/div>\n\t\t<\/section>\n\t\t\t\t<section class=\"elementor-section elementor-top-section elementor-element elementor-element-c3a14e2 elementor-section-boxed elementor-section-height-default elementor-section-height-default\" data-id=\"c3a14e2\" data-element_type=\"section\">\n\t\t\t\t\t\t<div class=\"elementor-container elementor-column-gap-default\">\n\t\t\t\t\t<div class=\"elementor-column elementor-col-100 elementor-top-column elementor-element elementor-element-62237b7\" data-id=\"62237b7\" data-element_type=\"column\">\n\t\t\t<div class=\"elementor-widget-wrap elementor-element-populated\">\n\t\t\t\t\t\t\t\t<div class=\"elementor-element elementor-element-dfa94b8 elementor-widget elementor-widget-heading\" data-id=\"dfa94b8\" data-element_type=\"widget\" data-widget_type=\"heading.default\">\n\t\t\t\t<div class=\"elementor-widget-container\">\n\t\t\t<h2 class=\"elementor-heading-title elementor-size-default\">Map<\/h2>\t\t<\/div>\n\t\t\t\t<\/div>\n\t\t\t\t\t<\/div>\n\t\t<\/div>\n\t\t\t\t\t\t\t<\/div>\n\t\t<\/section>\n\t\t\t\t<section class=\"elementor-section elementor-top-section elementor-element elementor-element-465fbc3 elementor-section-boxed elementor-section-height-default elementor-section-height-default\" data-id=\"465fbc3\" data-element_type=\"section\">\n\t\t\t\t\t\t<div class=\"elementor-container elementor-column-gap-default\">\n\t\t\t\t\t<div class=\"elementor-column elementor-col-100 elementor-top-column elementor-element elementor-element-7319561\" data-id=\"7319561\" data-element_type=\"column\">\n\t\t\t<div class=\"elementor-widget-wrap elementor-element-populated\">\n\t\t\t\t\t\t\t\t<div class=\"elementor-element elementor-element-edf9b37 elementor-widget elementor-widget-google_maps\" data-id=\"edf9b37\" data-element_type=\"widget\" data-widget_type=\"google_maps.default\">\n\t\t\t\t<div class=\"elementor-widget-container\">\n\t\t\t<style>\/*! elementor - v3.9.0 - 06-12-2022 *\/\n.elementor-widget-google_maps .elementor-widget-container{overflow:hidden}.elementor-widget-google_maps iframe{height:300px}<\/style>\t\t<div class=\"elementor-custom-embed\">\n\t\t\t<iframe frameborder=\"0\" scrolling=\"no\" marginheight=\"0\" marginwidth=\"0\"\n\t\t\t\t\tsrc=\"https:\/\/maps.google.com\/maps?q=Hotel%20Glamour%2C%20Kalu%C5%BEa%20744&#038;t=m&#038;z=13&#038;output=embed&#038;iwloc=near\"\n\t\t\t\t\ttitle=\"Hotel Glamour, Kalu\u017ea 744\"\n\t\t\t\t\taria-label=\"Hotel Glamour, Kalu\u017ea 744\"\n\t\t\t><\/iframe>\n\t\t<\/div>\n\t\t\t\t<\/div>\n\t\t\t\t<\/div>\n\t\t\t\t\t<\/div>\n\t\t<\/div>\n\t\t\t\t\t\t\t<\/div>\n\t\t<\/section>\n\t\t\t\t\t\t\t<\/div>\n\t\t","protected":false},"excerpt":{"rendered":"<p>Contact Hotel address Hotel GLAMOUR**** Kalu\u017ea 744072 36 Kalu\u017eaSlovak republic GPS 48\u00b048&#8217;27.08&#8243;N 22\u00b00&#8217;41.22&#8243;E Show route Reception Phone +421\/56 688 05 55 Mobile +421 908 975 269 FAX +421\/56 688 05 99 Email recepcia@hotelglamour.sk Billing information Hotel Glamour s.r.o. Sl\u00e1dkovi\u010dova 43974 05 Bansk\u00e1 BystricaSlovak republic ID number: 36684228VAT: SK2022260449TIN: 2022260449 Registered in the Commercial Register of [&hellip;]<\/p>\n","protected":false},"author":1,"featured_media":0,"parent":0,"menu_order":0,"comment_status":"closed","ping_status":"closed","template":"elementor_header_footer","meta":{"footnotes":""},"class_list":["post-2190","page","type-page","status-publish","hentry"],"yoast_head":"<!-- This site is optimized with the Yoast SEO plugin v19.11 - https:\/\/yoast.com\/wordpress\/plugins\/seo\/ -->\n<title>Contact - Hotel Glamour<\/title>\n<meta name=\"description\" content=\"In case of any questions, do not hesitate to contact us by phone at +421 908 975 269 or by email at recepcia@hotelglamour.sk\" \/>\n<meta name=\"robots\" content=\"index, follow, max-snippet:-1, max-image-preview:large, max-video-preview:-1\" \/>\n<link rel=\"canonical\" href=\"https:\/\/hotelglamour.sk\/en\/contact\/\" \/>\n<meta property=\"og:locale\" content=\"en_US\" \/>\n<meta property=\"og:type\" content=\"article\" \/>\n<meta property=\"og:title\" content=\"Contact - Hotel Glamour\" \/>\n<meta property=\"og:description\" content=\"In case of any questions, do not hesitate to contact us by phone at +421 908 975 269 or by email at recepcia@hotelglamour.sk\" \/>\n<meta property=\"og:url\" content=\"https:\/\/hotelglamour.sk\/en\/contact\/\" \/>\n<meta property=\"og:site_name\" content=\"Hotel Glamour\" \/>\n<meta property=\"article:modified_time\" content=\"2022-12-07T12:28:57+00:00\" \/>\n<meta name=\"twitter:card\" content=\"summary_large_image\" \/>\n<script type=\"application\/ld+json\" class=\"yoast-schema-graph\">{\"@context\":\"https:\/\/schema.org\",\"@graph\":[{\"@type\":\"WebPage\",\"@id\":\"https:\/\/hotelglamour.sk\/en\/contact\/\",\"url\":\"https:\/\/hotelglamour.sk\/en\/contact\/\",\"name\":\"Contact - Hotel Glamour\",\"isPartOf\":{\"@id\":\"https:\/\/hotelglamour.sk\/#website\"},\"datePublished\":\"2022-05-13T09:59:35+00:00\",\"dateModified\":\"2022-12-07T12:28:57+00:00\",\"description\":\"In case of any questions, do not hesitate to contact us by phone at +421 908 975 269 or by email at recepcia@hotelglamour.sk\",\"breadcrumb\":{\"@id\":\"https:\/\/hotelglamour.sk\/en\/contact\/#breadcrumb\"},\"inLanguage\":\"en-US\",\"potentialAction\":[{\"@type\":\"ReadAction\",\"target\":[\"https:\/\/hotelglamour.sk\/en\/contact\/\"]}]},{\"@type\":\"BreadcrumbList\",\"@id\":\"https:\/\/hotelglamour.sk\/en\/contact\/#breadcrumb\",\"itemListElement\":[{\"@type\":\"ListItem\",\"position\":1,\"name\":\"Domovsk\u00e1 str\u00e1nka\",\"item\":\"https:\/\/hotelglamour.sk\/en\/\"},{\"@type\":\"ListItem\",\"position\":2,\"name\":\"Contact\"}]},{\"@type\":\"WebSite\",\"@id\":\"https:\/\/hotelglamour.sk\/#website\",\"url\":\"https:\/\/hotelglamour.sk\/\",\"name\":\"Hotel Glamour\",\"description\":\"Zempl\u00ednska \u0160\u00edrava\",\"publisher\":{\"@id\":\"https:\/\/hotelglamour.sk\/#organization\"},\"potentialAction\":[{\"@type\":\"SearchAction\",\"target\":{\"@type\":\"EntryPoint\",\"urlTemplate\":\"https:\/\/hotelglamour.sk\/?s={search_term_string}\"},\"query-input\":\"required name=search_term_string\"}],\"inLanguage\":\"en-US\"},{\"@type\":\"Organization\",\"@id\":\"https:\/\/hotelglamour.sk\/#organization\",\"name\":\"Hotel Glamour\",\"url\":\"https:\/\/hotelglamour.sk\/\",\"logo\":{\"@type\":\"ImageObject\",\"inLanguage\":\"en-US\",\"@id\":\"https:\/\/hotelglamour.sk\/#\/schema\/logo\/image\/\",\"url\":\"https:\/\/hotelglamour.sk\/wp-content\/uploads\/2022\/05\/logo-hotel-1.svg\",\"contentUrl\":\"https:\/\/hotelglamour.sk\/wp-content\/uploads\/2022\/05\/logo-hotel-1.svg\",\"width\":289,\"height\":72,\"caption\":\"Hotel Glamour\"},\"image\":{\"@id\":\"https:\/\/hotelglamour.sk\/#\/schema\/logo\/image\/\"}}]}<\/script>\n<!-- \/ Yoast SEO plugin. -->","yoast_head_json":{"title":"Contact - Hotel Glamour","description":"In case of any questions, do not hesitate to contact us by phone at +421 908 975 269 or by email at recepcia@hotelglamour.sk","robots":{"index":"index","follow":"follow","max-snippet":"max-snippet:-1","max-image-preview":"max-image-preview:large","max-video-preview":"max-video-preview:-1"},"canonical":"https:\/\/hotelglamour.sk\/en\/contact\/","og_locale":"en_US","og_type":"article","og_title":"Contact - Hotel Glamour","og_description":"In case of any questions, do not hesitate to contact us by phone at +421 908 975 269 or by email at recepcia@hotelglamour.sk","og_url":"https:\/\/hotelglamour.sk\/en\/contact\/","og_site_name":"Hotel Glamour","article_modified_time":"2022-12-07T12:28:57+00:00","twitter_card":"summary_large_image","schema":{"@context":"https:\/\/schema.org","@graph":[{"@type":"WebPage","@id":"https:\/\/hotelglamour.sk\/en\/contact\/","url":"https:\/\/hotelglamour.sk\/en\/contact\/","name":"Contact - Hotel Glamour","isPartOf":{"@id":"https:\/\/hotelglamour.sk\/#website"},"datePublished":"2022-05-13T09:59:35+00:00","dateModified":"2022-12-07T12:28:57+00:00","description":"In case of any questions, do not hesitate to contact us by phone at +421 908 975 269 or by email at recepcia@hotelglamour.sk","breadcrumb":{"@id":"https:\/\/hotelglamour.sk\/en\/contact\/#breadcrumb"},"inLanguage":"en-US","potentialAction":[{"@type":"ReadAction","target":["https:\/\/hotelglamour.sk\/en\/contact\/"]}]},{"@type":"BreadcrumbList","@id":"https:\/\/hotelglamour.sk\/en\/contact\/#breadcrumb","itemListElement":[{"@type":"ListItem","position":1,"name":"Domovsk\u00e1 str\u00e1nka","item":"https:\/\/hotelglamour.sk\/en\/"},{"@type":"ListItem","position":2,"name":"Contact"}]},{"@type":"WebSite","@id":"https:\/\/hotelglamour.sk\/#website","url":"https:\/\/hotelglamour.sk\/","name":"Hotel Glamour","description":"Zempl\u00ednska \u0160\u00edrava","publisher":{"@id":"https:\/\/hotelglamour.sk\/#organization"},"potentialAction":[{"@type":"SearchAction","target":{"@type":"EntryPoint","urlTemplate":"https:\/\/hotelglamour.sk\/?s={search_term_string}"},"query-input":"required name=search_term_string"}],"inLanguage":"en-US"},{"@type":"Organization","@id":"https:\/\/hotelglamour.sk\/#organization","name":"Hotel Glamour","url":"https:\/\/hotelglamour.sk\/","logo":{"@type":"ImageObject","inLanguage":"en-US","@id":"https:\/\/hotelglamour.sk\/#\/schema\/logo\/image\/","url":"https:\/\/hotelglamour.sk\/wp-content\/uploads\/2022\/05\/logo-hotel-1.svg","contentUrl":"https:\/\/hotelglamour.sk\/wp-content\/uploads\/2022\/05\/logo-hotel-1.svg","width":289,"height":72,"caption":"Hotel Glamour"},"image":{"@id":"https:\/\/hotelglamour.sk\/#\/schema\/logo\/image\/"}}]}},"_links":{"self":[{"href":"https:\/\/hotelglamour.sk\/en\/wp-json\/wp\/v2\/pages\/2190","targetHints":{"allow":["GET"]}}],"collection":[{"href":"https:\/\/hotelglamour.sk\/en\/wp-json\/wp\/v2\/pages"}],"about":[{"href":"https:\/\/hotelglamour.sk\/en\/wp-json\/wp\/v2\/types\/page"}],"author":[{"embeddable":true,"href":"https:\/\/hotelglamour.sk\/en\/wp-json\/wp\/v2\/users\/1"}],"replies":[{"embeddable":true,"href":"https:\/\/hotelglamour.sk\/en\/wp-json\/wp\/v2\/comments?post=2190"}],"version-history":[{"count":3,"href":"https:\/\/hotelglamour.sk\/en\/wp-json\/wp\/v2\/pages\/2190\/revisions"}],"predecessor-version":[{"id":2391,"href":"https:\/\/hotelglamour.sk\/en\/wp-json\/wp\/v2\/pages\/2190\/revisions\/2391"}],"wp:attachment":[{"href":"https:\/\/hotelglamour.sk\/en\/wp-json\/wp\/v2\/media?parent=2190"}],"curies":[{"name":"wp","href":"https:\/\/api.w.org\/{rel}","templated":true}]}}