{"id":2186,"date":"2022-05-13T11:59:45","date_gmt":"2022-05-13T09:59:45","guid":{"rendered":"https:\/\/hotelglamour.sk\/special-offer\/"},"modified":"2022-12-07T12:02:27","modified_gmt":"2022-12-07T11:02:27","slug":"special-offer","status":"publish","type":"page","link":"https:\/\/hotelglamour.sk\/en\/special-offer\/","title":{"rendered":"Special offer"},"content":{"rendered":"\t\t<div data-elementor-type=\"wp-page\" data-elementor-id=\"2186\" class=\"elementor elementor-2186 elementor-81\">\n\t\t\t\t\t\t\t\t\t<section class=\"elementor-section elementor-top-section elementor-element elementor-element-2ef9e9f elementor-reverse-mobile elementor-section-boxed elementor-section-height-default elementor-section-height-default\" data-id=\"2ef9e9f\" data-element_type=\"section\">\n\t\t\t\t\t\t<div class=\"elementor-container elementor-column-gap-default\">\n\t\t\t\t\t<div class=\"elementor-column elementor-col-100 elementor-top-column elementor-element elementor-element-115725a7\" data-id=\"115725a7\" data-element_type=\"column\">\n\t\t\t<div class=\"elementor-widget-wrap elementor-element-populated\">\n\t\t\t\t\t\t\t\t<div class=\"elementor-element elementor-element-5ebfc22 elementor-widget elementor-widget-heading\" data-id=\"5ebfc22\" data-element_type=\"widget\" data-widget_type=\"heading.default\">\n\t\t\t\t<div class=\"elementor-widget-container\">\n\t\t\t<style>\/*! elementor - v3.9.0 - 06-12-2022 *\/\n.elementor-heading-title{padding:0;margin:0;line-height:1}.elementor-widget-heading .elementor-heading-title[class*=elementor-size-]>a{color:inherit;font-size:inherit;line-height:inherit}.elementor-widget-heading .elementor-heading-title.elementor-size-small{font-size:15px}.elementor-widget-heading .elementor-heading-title.elementor-size-medium{font-size:19px}.elementor-widget-heading .elementor-heading-title.elementor-size-large{font-size:29px}.elementor-widget-heading .elementor-heading-title.elementor-size-xl{font-size:39px}.elementor-widget-heading .elementor-heading-title.elementor-size-xxl{font-size:59px}<\/style><h1 class=\"elementor-heading-title elementor-size-default\">Special offer<\/h1>\t\t<\/div>\n\t\t\t\t<\/div>\n\t\t\t\t<div class=\"elementor-element elementor-element-9723c88 elementor-widget-divider--view-line elementor-widget elementor-widget-divider\" data-id=\"9723c88\" data-element_type=\"widget\" data-widget_type=\"divider.default\">\n\t\t\t\t<div class=\"elementor-widget-container\">\n\t\t\t<style>\/*! elementor - v3.9.0 - 06-12-2022 *\/\n.elementor-widget-divider{--divider-border-style:none;--divider-border-width:1px;--divider-color:#2c2c2c;--divider-icon-size:20px;--divider-element-spacing:10px;--divider-pattern-height:24px;--divider-pattern-size:20px;--divider-pattern-url:none;--divider-pattern-repeat:repeat-x}.elementor-widget-divider .elementor-divider{display:flex}.elementor-widget-divider .elementor-divider__text{font-size:15px;line-height:1;max-width:95%}.elementor-widget-divider .elementor-divider__element{margin:0 var(--divider-element-spacing);flex-shrink:0}.elementor-widget-divider .elementor-icon{font-size:var(--divider-icon-size)}.elementor-widget-divider .elementor-divider-separator{display:flex;margin:0;direction:ltr}.elementor-widget-divider--view-line_icon .elementor-divider-separator,.elementor-widget-divider--view-line_text .elementor-divider-separator{align-items:center}.elementor-widget-divider--view-line_icon .elementor-divider-separator:after,.elementor-widget-divider--view-line_icon .elementor-divider-separator:before,.elementor-widget-divider--view-line_text .elementor-divider-separator:after,.elementor-widget-divider--view-line_text .elementor-divider-separator:before{display:block;content:\"\";border-bottom:0;flex-grow:1;border-top:var(--divider-border-width) var(--divider-border-style) var(--divider-color)}.elementor-widget-divider--element-align-left .elementor-divider .elementor-divider-separator>.elementor-divider__svg:first-of-type{flex-grow:0;flex-shrink:100}.elementor-widget-divider--element-align-left .elementor-divider-separator:before{content:none}.elementor-widget-divider--element-align-left .elementor-divider__element{margin-left:0}.elementor-widget-divider--element-align-right .elementor-divider .elementor-divider-separator>.elementor-divider__svg:last-of-type{flex-grow:0;flex-shrink:100}.elementor-widget-divider--element-align-right .elementor-divider-separator:after{content:none}.elementor-widget-divider--element-align-right .elementor-divider__element{margin-right:0}.elementor-widget-divider:not(.elementor-widget-divider--view-line_text):not(.elementor-widget-divider--view-line_icon) .elementor-divider-separator{border-top:var(--divider-border-width) var(--divider-border-style) var(--divider-color)}.elementor-widget-divider--separator-type-pattern{--divider-border-style:none}.elementor-widget-divider--separator-type-pattern.elementor-widget-divider--view-line .elementor-divider-separator,.elementor-widget-divider--separator-type-pattern:not(.elementor-widget-divider--view-line) .elementor-divider-separator:after,.elementor-widget-divider--separator-type-pattern:not(.elementor-widget-divider--view-line) .elementor-divider-separator:before,.elementor-widget-divider--separator-type-pattern:not([class*=elementor-widget-divider--view]) .elementor-divider-separator{width:100%;min-height:var(--divider-pattern-height);-webkit-mask-size:var(--divider-pattern-size) 100%;mask-size:var(--divider-pattern-size) 100%;-webkit-mask-repeat:var(--divider-pattern-repeat);mask-repeat:var(--divider-pattern-repeat);background-color:var(--divider-color);-webkit-mask-image:var(--divider-pattern-url);mask-image:var(--divider-pattern-url)}.elementor-widget-divider--no-spacing{--divider-pattern-size:auto}.elementor-widget-divider--bg-round{--divider-pattern-repeat:round}.rtl .elementor-widget-divider .elementor-divider__text{direction:rtl}.e-con-inner>.elementor-widget-divider,.e-con>.elementor-widget-divider{width:var(--container-widget-width);--flex-grow:var(--container-widget-flex-grow)}<\/style>\t\t<div class=\"elementor-divider\">\n\t\t\t<span class=\"elementor-divider-separator\">\n\t\t\t\t\t\t<\/span>\n\t\t<\/div>\n\t\t\t\t<\/div>\n\t\t\t\t<\/div>\n\t\t\t\t\t<\/div>\n\t\t<\/div>\n\t\t\t\t\t\t\t<\/div>\n\t\t<\/section>\n\t\t\t\t\t\t\t<\/div>\n\t\t","protected":false},"excerpt":{"rendered":"<p>Special offer<\/p>\n","protected":false},"author":1,"featured_media":3130,"parent":0,"menu_order":0,"comment_status":"closed","ping_status":"closed","template":"elementor_header_footer","meta":{"footnotes":""},"class_list":["post-2186","page","type-page","status-publish","has-post-thumbnail","hentry"],"yoast_head":"<!-- This site is optimized with the Yoast SEO plugin v19.11 - https:\/\/yoast.com\/wordpress\/plugins\/seo\/ -->\n<title>Special offer - Hotel Glamour<\/title>\n<meta name=\"description\" content=\"Take advantage of our special offers for discounted packages including accommodation or organizing events during each month.\" \/>\n<meta name=\"robots\" content=\"index, follow, max-snippet:-1, max-image-preview:large, max-video-preview:-1\" \/>\n<link rel=\"canonical\" href=\"https:\/\/hotelglamour.sk\/akcna-ponuka\/\" \/>\n<meta property=\"og:locale\" content=\"en_US\" \/>\n<meta property=\"og:type\" content=\"article\" \/>\n<meta property=\"og:title\" content=\"Special offer - Hotel Glamour\" \/>\n<meta property=\"og:description\" content=\"Take advantage of our special offers for discounted packages including accommodation or organizing events during each month.\" \/>\n<meta property=\"og:url\" content=\"https:\/\/hotelglamour.sk\/akcna-ponuka\/\" \/>\n<meta property=\"og:site_name\" content=\"Hotel Glamour\" \/>\n<meta property=\"article:modified_time\" content=\"2022-12-07T11:02:27+00:00\" \/>\n<meta name=\"twitter:card\" content=\"summary_large_image\" \/>\n<script type=\"application\/ld+json\" class=\"yoast-schema-graph\">{\"@context\":\"https:\/\/schema.org\",\"@graph\":[{\"@type\":\"WebPage\",\"@id\":\"https:\/\/hotelglamour.sk\/akcna-ponuka\/\",\"url\":\"https:\/\/hotelglamour.sk\/akcna-ponuka\/\",\"name\":\"Special offer - Hotel Glamour\",\"isPartOf\":{\"@id\":\"https:\/\/hotelglamour.sk\/#website\"},\"datePublished\":\"2022-05-13T09:59:45+00:00\",\"dateModified\":\"2022-12-07T11:02:27+00:00\",\"description\":\"Take advantage of our special offers for discounted packages including accommodation or organizing events during each month.\",\"breadcrumb\":{\"@id\":\"https:\/\/hotelglamour.sk\/akcna-ponuka\/#breadcrumb\"},\"inLanguage\":\"en-US\",\"potentialAction\":[{\"@type\":\"ReadAction\",\"target\":[\"https:\/\/hotelglamour.sk\/akcna-ponuka\/\"]}]},{\"@type\":\"BreadcrumbList\",\"@id\":\"https:\/\/hotelglamour.sk\/akcna-ponuka\/#breadcrumb\",\"itemListElement\":[{\"@type\":\"ListItem\",\"position\":1,\"name\":\"Domovsk\u00e1 str\u00e1nka\",\"item\":\"https:\/\/hotelglamour.sk\/en\/\"},{\"@type\":\"ListItem\",\"position\":2,\"name\":\"Special offer\"}]},{\"@type\":\"WebSite\",\"@id\":\"https:\/\/hotelglamour.sk\/#website\",\"url\":\"https:\/\/hotelglamour.sk\/\",\"name\":\"Hotel Glamour\",\"description\":\"Zempl\u00ednska \u0160\u00edrava\",\"publisher\":{\"@id\":\"https:\/\/hotelglamour.sk\/#organization\"},\"potentialAction\":[{\"@type\":\"SearchAction\",\"target\":{\"@type\":\"EntryPoint\",\"urlTemplate\":\"https:\/\/hotelglamour.sk\/?s={search_term_string}\"},\"query-input\":\"required name=search_term_string\"}],\"inLanguage\":\"en-US\"},{\"@type\":\"Organization\",\"@id\":\"https:\/\/hotelglamour.sk\/#organization\",\"name\":\"Hotel Glamour\",\"url\":\"https:\/\/hotelglamour.sk\/\",\"logo\":{\"@type\":\"ImageObject\",\"inLanguage\":\"en-US\",\"@id\":\"https:\/\/hotelglamour.sk\/#\/schema\/logo\/image\/\",\"url\":\"https:\/\/hotelglamour.sk\/wp-content\/uploads\/2022\/05\/logo-hotel-1.svg\",\"contentUrl\":\"https:\/\/hotelglamour.sk\/wp-content\/uploads\/2022\/05\/logo-hotel-1.svg\",\"width\":289,\"height\":72,\"caption\":\"Hotel Glamour\"},\"image\":{\"@id\":\"https:\/\/hotelglamour.sk\/#\/schema\/logo\/image\/\"}}]}<\/script>\n<!-- \/ Yoast SEO plugin. -->","yoast_head_json":{"title":"Special offer - Hotel Glamour","description":"Take advantage of our special offers for discounted packages including accommodation or organizing events during each month.","robots":{"index":"index","follow":"follow","max-snippet":"max-snippet:-1","max-image-preview":"max-image-preview:large","max-video-preview":"max-video-preview:-1"},"canonical":"https:\/\/hotelglamour.sk\/akcna-ponuka\/","og_locale":"en_US","og_type":"article","og_title":"Special offer - Hotel Glamour","og_description":"Take advantage of our special offers for discounted packages including accommodation or organizing events during each month.","og_url":"https:\/\/hotelglamour.sk\/akcna-ponuka\/","og_site_name":"Hotel Glamour","article_modified_time":"2022-12-07T11:02:27+00:00","twitter_card":"summary_large_image","schema":{"@context":"https:\/\/schema.org","@graph":[{"@type":"WebPage","@id":"https:\/\/hotelglamour.sk\/akcna-ponuka\/","url":"https:\/\/hotelglamour.sk\/akcna-ponuka\/","name":"Special offer - Hotel Glamour","isPartOf":{"@id":"https:\/\/hotelglamour.sk\/#website"},"datePublished":"2022-05-13T09:59:45+00:00","dateModified":"2022-12-07T11:02:27+00:00","description":"Take advantage of our special offers for discounted packages including accommodation or organizing events during each month.","breadcrumb":{"@id":"https:\/\/hotelglamour.sk\/akcna-ponuka\/#breadcrumb"},"inLanguage":"en-US","potentialAction":[{"@type":"ReadAction","target":["https:\/\/hotelglamour.sk\/akcna-ponuka\/"]}]},{"@type":"BreadcrumbList","@id":"https:\/\/hotelglamour.sk\/akcna-ponuka\/#breadcrumb","itemListElement":[{"@type":"ListItem","position":1,"name":"Domovsk\u00e1 str\u00e1nka","item":"https:\/\/hotelglamour.sk\/en\/"},{"@type":"ListItem","position":2,"name":"Special offer"}]},{"@type":"WebSite","@id":"https:\/\/hotelglamour.sk\/#website","url":"https:\/\/hotelglamour.sk\/","name":"Hotel Glamour","description":"Zempl\u00ednska \u0160\u00edrava","publisher":{"@id":"https:\/\/hotelglamour.sk\/#organization"},"potentialAction":[{"@type":"SearchAction","target":{"@type":"EntryPoint","urlTemplate":"https:\/\/hotelglamour.sk\/?s={search_term_string}"},"query-input":"required name=search_term_string"}],"inLanguage":"en-US"},{"@type":"Organization","@id":"https:\/\/hotelglamour.sk\/#organization","name":"Hotel Glamour","url":"https:\/\/hotelglamour.sk\/","logo":{"@type":"ImageObject","inLanguage":"en-US","@id":"https:\/\/hotelglamour.sk\/#\/schema\/logo\/image\/","url":"https:\/\/hotelglamour.sk\/wp-content\/uploads\/2022\/05\/logo-hotel-1.svg","contentUrl":"https:\/\/hotelglamour.sk\/wp-content\/uploads\/2022\/05\/logo-hotel-1.svg","width":289,"height":72,"caption":"Hotel Glamour"},"image":{"@id":"https:\/\/hotelglamour.sk\/#\/schema\/logo\/image\/"}}]}},"_links":{"self":[{"href":"https:\/\/hotelglamour.sk\/en\/wp-json\/wp\/v2\/pages\/2186","targetHints":{"allow":["GET"]}}],"collection":[{"href":"https:\/\/hotelglamour.sk\/en\/wp-json\/wp\/v2\/pages"}],"about":[{"href":"https:\/\/hotelglamour.sk\/en\/wp-json\/wp\/v2\/types\/page"}],"author":[{"embeddable":true,"href":"https:\/\/hotelglamour.sk\/en\/wp-json\/wp\/v2\/users\/1"}],"replies":[{"embeddable":true,"href":"https:\/\/hotelglamour.sk\/en\/wp-json\/wp\/v2\/comments?post=2186"}],"version-history":[{"count":12,"href":"https:\/\/hotelglamour.sk\/en\/wp-json\/wp\/v2\/pages\/2186\/revisions"}],"predecessor-version":[{"id":2290,"href":"https:\/\/hotelglamour.sk\/en\/wp-json\/wp\/v2\/pages\/2186\/revisions\/2290"}],"wp:featuredmedia":[{"embeddable":true,"href":"https:\/\/hotelglamour.sk\/en\/wp-json\/wp\/v2\/media\/3130"}],"wp:attachment":[{"href":"https:\/\/hotelglamour.sk\/en\/wp-json\/wp\/v2\/media?parent=2186"}],"curies":[{"name":"wp","href":"https:\/\/api.w.org\/{rel}","templated":true}]}}